{"id":6938,"date":"2024-10-22T01:45:05","date_gmt":"2024-10-22T01:45:05","guid":{"rendered":"https:\/\/capitalb.ca\/?page_id=6938"},"modified":"2025-11-29T19:33:42","modified_gmt":"2025-11-29T19:33:42","slug":"accueil","status":"publish","type":"page","link":"https:\/\/capitalb.ca\/index.php\/fr\/accueil\/","title":{"rendered":"Accueil"},"content":{"rendered":"<p>[vc_row full_height=&#8221;yes&#8221; columns_placement=&#8221;top&#8221; inner_container=&#8221;no&#8221; type=&#8221;image&#8221; bg_position_horizontal=&#8221;center&#8221; bg_attachment=&#8221;true&#8221; padding_top=&#8221;0&#8243; padding_bottom=&#8221;0&#8243; margin_top=&#8221;0&#8243; margin_bottom=&#8221;0&#8243; visibility=&#8221;hidden-xs,hidden-sm&#8221;][vc_column parallax=&#8221;content-moving&#8221; css=&#8221;.vc_custom_1729611048682{background-color: #000000 !important;background-position: center !important;background-repeat: no-repeat !important;background-size: cover !important;}&#8221;]\n\t\t\t<!-- START Slider 1 REVOLUTION SLIDER 6.6.13 --><p class=\"rs-p-wp-fix\"><\/p>\n\t\t\t<rs-module-wrap id=\"rev_slider_2_1_wrapper\" data-source=\"gallery\" style=\"visibility:hidden;background:transparent;padding:0;margin:0px auto;margin-top:0;margin-bottom:0;\">\n\t\t\t\t<rs-module id=\"rev_slider_2_1\" style=\"\" data-version=\"6.6.13\">\n\t\t\t\t\t<rs-slides style=\"overflow: hidden; position: absolute;\">\n\t\t\t\t\t\t<rs-slide style=\"position: absolute;\" data-key=\"rs-12\" data-title=\"Slide\" data-in=\"o:0;\" data-out=\"a:false;\" data-sloop=\"s:-0;e:8520;\">\n\t\t\t\t\t\t\t<img decoding=\"async\" src=\"\/\/capitalb.ca\/wp-content\/plugins\/revslider\/public\/assets\/assets\/dummy.png\" alt=\"\" title=\"Background Image\" width=\"1296\" height=\"704\" class=\"rev-slidebg tp-rs-img rs-lazyload\" data-lazyload=\"\/\/capitalb.ca\/wp-content\/uploads\/2024\/10\/1-Background%20Image-rotated.jpg\" data-no-retina>\n<!--\n\t\t\t\t\t\t\t--><rs-layer\n\t\t\t\t\t\t\t\tid=\"slider-2-slide-12-layer-0\" \n\t\t\t\t\t\t\t\tdata-type=\"text\"\n\t\t\t\t\t\t\t\tdata-color=\"#fff\"\n\t\t\t\t\t\t\t\tdata-tsh=\"c:rgba(0,0,0,0.75);\"\n\t\t\t\t\t\t\t\tdata-rsp_ch=\"on\"\n\t\t\t\t\t\t\t\tdata-xy=\"x:c;y:c;\"\n\t\t\t\t\t\t\t\tdata-text=\"w:normal;s:80;l:50;ls:12px;fw:700;a:center;\"\n\t\t\t\t\t\t\t\tdata-dim=\"minh:0px;\"\n\t\t\t\t\t\t\t\tdata-frame_1=\"sp:2000;\"\n\t\t\t\t\t\t\t\tdata-frame_999=\"o:0;e:power4.inOut;st:2000;sp:1500;\"\n\t\t\t\t\t\t\t\tstyle=\"z-index:8;font-family:'Roboto';text-transform:uppercase;\"\n\t\t\t\t\t\t\t>Notre mission \n\t\t\t\t\t\t\t<\/rs-layer><!--\n\n\t\t\t\t\t\t\t--><rs-layer\n\t\t\t\t\t\t\t\tid=\"slider-2-slide-12-layer-1\" \n\t\t\t\t\t\t\t\tdata-type=\"text\"\n\t\t\t\t\t\t\t\tdata-color=\"#fff\"\n\t\t\t\t\t\t\t\tdata-tsh=\"c:rgba(0,0,0,0.75);\"\n\t\t\t\t\t\t\t\tdata-rsp_ch=\"on\"\n\t\t\t\t\t\t\t\tdata-xy=\"x:c;y:c;\"\n\t\t\t\t\t\t\t\tdata-text=\"w:normal;s:80;l:50;ls:12px;fw:900;a:center;\"\n\t\t\t\t\t\t\t\tdata-dim=\"minh:0px;\"\n\t\t\t\t\t\t\t\tdata-btrans=\"iosfx:x;\"\n\t\t\t\t\t\t\t\tdata-frame_1=\"st:2500;sp:2000;sR:2500;\"\n\t\t\t\t\t\t\t\tdata-frame_999=\"o:0;e:power4.inOut;st:4510;sp:1500;sR:10;\"\n\t\t\t\t\t\t\t\tstyle=\"z-index:7;font-family:'Roboto';text-transform:uppercase;\"\n\t\t\t\t\t\t\t>votre expansion \n\t\t\t\t\t\t\t<\/rs-layer><!--\n\n\t\t\t\t\t\t\t--><rs-layer\n\t\t\t\t\t\t\t\tid=\"slider-2-slide-12-layer-10\" \n\t\t\t\t\t\t\t\tdata-type=\"text\"\n\t\t\t\t\t\t\t\tdata-color=\"#fff\"\n\t\t\t\t\t\t\t\tdata-tsh=\"c:rgba(0,0,0,0.75);\"\n\t\t\t\t\t\t\t\tdata-rsp_ch=\"on\"\n\t\t\t\t\t\t\t\tdata-xy=\"x:c;y:c;\"\n\t\t\t\t\t\t\t\tdata-text=\"w:normal;s:80;l:60;ls:12px;fw:900;a:center;\"\n\t\t\t\t\t\t\t\tdata-dim=\"minh:0px;\"\n\t\t\t\t\t\t\t\tdata-frame_1=\"st:5000;sp:2000;sR:4860;\"\n\t\t\t\t\t\t\t\tdata-frame_999=\"o:0;e:power4.inOut;st:7010;sp:1500;sR:470;\"\n\t\t\t\t\t\t\t\tstyle=\"z-index:6;font-family:'Roboto';text-transform:uppercase;\"\n\t\t\t\t\t\t\t>Efficacit\u00e9 <br \/><br \/>\nRentabilit\u00e9<br \/><br \/>\nCroissance<br \/><br \/>\n \n\t\t\t\t\t\t\t<\/rs-layer><!--\n-->\t\t\t\t\t\t<\/rs-slide>\n\t\t\t\t\t<\/rs-slides>\n\t\t\t\t\t<rs-static-layers><!--\n\t\t\t\t\t--><\/rs-static-layers>\n\t\t\t\t<\/rs-module>\n\t\t\t\t<script>\n\t\t\t\t\tsetREVStartSize({c: 'rev_slider_2_1',rl:[1240,1024,778,480],el:[900],gw:[1240],gh:[900],type:'standard',justify:'',layout:'fullwidth',mh:\"0\"});if (window.RS_MODULES!==undefined && window.RS_MODULES.modules!==undefined && window.RS_MODULES.modules[\"revslider21\"]!==undefined) {window.RS_MODULES.modules[\"revslider21\"].once = false;window.revapi2 = undefined;if (window.RS_MODULES.checkMinimal!==undefined) window.RS_MODULES.checkMinimal()}\n\t\t\t\t<\/script>\n\t\t\t<\/rs-module-wrap>\n\t\t\t<!-- END REVOLUTION SLIDER -->\n[\/vc_column][\/vc_row][vc_row inner_container=&#8221;no&#8221; type=&#8221;image&#8221; bg_position_horizontal=&#8221;center&#8221; bg_attachment=&#8221;true&#8221; padding_top=&#8221;0&#8243; padding_bottom=&#8221;0&#8243; margin_top=&#8221;0&#8243; margin_bottom=&#8221;0&#8243; visibility=&#8221;hidden-md,hidden-lg,hidden-xlg&#8221;][vc_column parallax=&#8221;content-moving&#8221; css=&#8221;.vc_custom_1729611048682{background-color: #000000 !important;background-position: center !important;background-repeat: no-repeat !important;background-size: cover !important;}&#8221;]\n\t\t\t<!-- START Slider 1 REVOLUTION SLIDER 6.6.13 --><p class=\"rs-p-wp-fix\"><\/p>\n\t\t\t<rs-module-wrap id=\"rev_slider_2_2_wrapper\" data-source=\"gallery\" style=\"visibility:hidden;background:transparent;padding:0;margin:0px auto;margin-top:0;margin-bottom:0;\">\n\t\t\t\t<rs-module id=\"rev_slider_2_2\" style=\"\" data-version=\"6.6.13\">\n\t\t\t\t\t<rs-slides style=\"overflow: hidden; position: absolute;\">\n\t\t\t\t\t\t<rs-slide style=\"position: absolute;\" data-key=\"rs-12\" data-title=\"Slide\" data-in=\"o:0;\" data-out=\"a:false;\" data-sloop=\"s:-0;e:8520;\">\n\t\t\t\t\t\t\t<img decoding=\"async\" src=\"\/\/capitalb.ca\/wp-content\/plugins\/revslider\/public\/assets\/assets\/dummy.png\" alt=\"\" title=\"Background Image\" width=\"1296\" height=\"704\" class=\"rev-slidebg tp-rs-img rs-lazyload\" data-lazyload=\"\/\/capitalb.ca\/wp-content\/uploads\/2024\/10\/1-Background%20Image-rotated.jpg\" data-no-retina>\n<!--\n\t\t\t\t\t\t\t--><rs-layer\n\t\t\t\t\t\t\t\tid=\"slider-2-slide-12-layer-0\" \n\t\t\t\t\t\t\t\tdata-type=\"text\"\n\t\t\t\t\t\t\t\tdata-color=\"#fff\"\n\t\t\t\t\t\t\t\tdata-tsh=\"c:rgba(0,0,0,0.75);\"\n\t\t\t\t\t\t\t\tdata-rsp_ch=\"on\"\n\t\t\t\t\t\t\t\tdata-xy=\"x:c;y:c;\"\n\t\t\t\t\t\t\t\tdata-text=\"w:normal;s:80;l:50;ls:12px;fw:700;a:center;\"\n\t\t\t\t\t\t\t\tdata-dim=\"minh:0px;\"\n\t\t\t\t\t\t\t\tdata-frame_1=\"sp:2000;\"\n\t\t\t\t\t\t\t\tdata-frame_999=\"o:0;e:power4.inOut;st:2000;sp:1500;\"\n\t\t\t\t\t\t\t\tstyle=\"z-index:8;font-family:'Roboto';text-transform:uppercase;\"\n\t\t\t\t\t\t\t>Notre mission \n\t\t\t\t\t\t\t<\/rs-layer><!--\n\n\t\t\t\t\t\t\t--><rs-layer\n\t\t\t\t\t\t\t\tid=\"slider-2-slide-12-layer-1\" \n\t\t\t\t\t\t\t\tdata-type=\"text\"\n\t\t\t\t\t\t\t\tdata-color=\"#fff\"\n\t\t\t\t\t\t\t\tdata-tsh=\"c:rgba(0,0,0,0.75);\"\n\t\t\t\t\t\t\t\tdata-rsp_ch=\"on\"\n\t\t\t\t\t\t\t\tdata-xy=\"x:c;y:c;\"\n\t\t\t\t\t\t\t\tdata-text=\"w:normal;s:80;l:50;ls:12px;fw:900;a:center;\"\n\t\t\t\t\t\t\t\tdata-dim=\"minh:0px;\"\n\t\t\t\t\t\t\t\tdata-btrans=\"iosfx:x;\"\n\t\t\t\t\t\t\t\tdata-frame_1=\"st:2500;sp:2000;sR:2500;\"\n\t\t\t\t\t\t\t\tdata-frame_999=\"o:0;e:power4.inOut;st:4510;sp:1500;sR:10;\"\n\t\t\t\t\t\t\t\tstyle=\"z-index:7;font-family:'Roboto';text-transform:uppercase;\"\n\t\t\t\t\t\t\t>votre expansion \n\t\t\t\t\t\t\t<\/rs-layer><!--\n\n\t\t\t\t\t\t\t--><rs-layer\n\t\t\t\t\t\t\t\tid=\"slider-2-slide-12-layer-10\" \n\t\t\t\t\t\t\t\tdata-type=\"text\"\n\t\t\t\t\t\t\t\tdata-color=\"#fff\"\n\t\t\t\t\t\t\t\tdata-tsh=\"c:rgba(0,0,0,0.75);\"\n\t\t\t\t\t\t\t\tdata-rsp_ch=\"on\"\n\t\t\t\t\t\t\t\tdata-xy=\"x:c;y:c;\"\n\t\t\t\t\t\t\t\tdata-text=\"w:normal;s:80;l:60;ls:12px;fw:900;a:center;\"\n\t\t\t\t\t\t\t\tdata-dim=\"minh:0px;\"\n\t\t\t\t\t\t\t\tdata-frame_1=\"st:5000;sp:2000;sR:4860;\"\n\t\t\t\t\t\t\t\tdata-frame_999=\"o:0;e:power4.inOut;st:7010;sp:1500;sR:470;\"\n\t\t\t\t\t\t\t\tstyle=\"z-index:6;font-family:'Roboto';text-transform:uppercase;\"\n\t\t\t\t\t\t\t>Efficacit\u00e9 <br \/><br \/>\nRentabilit\u00e9<br \/><br \/>\nCroissance<br \/><br \/>\n \n\t\t\t\t\t\t\t<\/rs-layer><!--\n-->\t\t\t\t\t\t<\/rs-slide>\n\t\t\t\t\t<\/rs-slides>\n\t\t\t\t\t<rs-static-layers><!--\n\t\t\t\t\t--><\/rs-static-layers>\n\t\t\t\t<\/rs-module>\n\t\t\t\t<script>\n\t\t\t\t\tsetREVStartSize({c: 'rev_slider_2_2',rl:[1240,1024,778,480],el:[900],gw:[1240],gh:[900],type:'standard',justify:'',layout:'fullwidth',mh:\"0\"});if (window.RS_MODULES!==undefined && window.RS_MODULES.modules!==undefined && window.RS_MODULES.modules[\"revslider22\"]!==undefined) {window.RS_MODULES.modules[\"revslider22\"].once = false;window.revapi2_2 = undefined;if (window.RS_MODULES.checkMinimal!==undefined) window.RS_MODULES.checkMinimal()}\n\t\t\t\t<\/script>\n\t\t\t<\/rs-module-wrap>\n\t\t\t<!-- END REVOLUTION SLIDER -->\n[\/vc_column][\/vc_row][vc_row full_height=&#8221;yes&#8221; equal_height=&#8221;yes&#8221; text_align=&#8221;center&#8221; section_type=&#8221;header&#8221; type=&#8221;image&#8221; bg_position=&#8221;center&#8221; bg_position_horizontal=&#8221;center&#8221; bg_attachment=&#8221;true&#8221; padding_top=&#8221;30&#8243; padding_bottom=&#8221;30&#8243; margin_top=&#8221;30&#8243; margin_bottom=&#8221;30&#8243; bg_image=&#8221;7011&#8243;][vc_column width=&#8221;1\/4&#8243;][vc_custom_heading text=&#8221;D\u00e9coder&#8221; font_container=&#8221;tag:h1|text_align:center|color:%23ffffff&#8221; google_fonts=&#8221;font_family:Roboto%3A100%2C100italic%2C300%2C300italic%2Cregular%2Citalic%2C500%2C500italic%2C700%2C700italic%2C900%2C900italic|font_style:900%20bold%20regular%3A900%3Anormal&#8221;][\/vc_column][vc_column width=&#8221;1\/4&#8243;][vc_custom_heading text=&#8221;Simplifier&#8221; font_container=&#8221;tag:h1|text_align:center|color:%23ffffff&#8221; google_fonts=&#8221;font_family:Roboto%3A100%2C100italic%2C300%2C300italic%2Cregular%2Citalic%2C500%2C500italic%2C700%2C700italic%2C900%2C900italic|font_style:900%20bold%20regular%3A900%3Anormal&#8221;][\/vc_column][vc_column width=&#8221;1\/4&#8243;][vc_custom_heading text=&#8221;Ex\u00e9cuter&#8221; font_container=&#8221;tag:h1|text_align:center|color:%23ffffff&#8221; google_fonts=&#8221;font_family:Roboto%3A100%2C100italic%2C300%2C300italic%2Cregular%2Citalic%2C500%2C500italic%2C700%2C700italic%2C900%2C900italic|font_style:900%20bold%20regular%3A900%3Anormal&#8221;][\/vc_column][vc_column width=&#8221;1\/4&#8243;][vc_custom_heading text=&#8221;Cro\u00eetre&#8221; font_container=&#8221;tag:h1|text_align:center|color:%23ffffff&#8221; google_fonts=&#8221;font_family:Roboto%3A100%2C100italic%2C300%2C300italic%2Cregular%2Citalic%2C500%2C500italic%2C700%2C700italic%2C900%2C900italic|font_style:900%20bold%20regular%3A900%3Anormal&#8221;][\/vc_column][\/vc_row][vc_row full_height=&#8221;yes&#8221; columns_placement=&#8221;top&#8221; text_color=&#8221;#ffffff&#8221; section_type=&#8221;alternate&#8221; padding_top=&#8221;20px&#8221; padding_bottom=&#8221;0&#8243; margin_top=&#8221;0&#8243; margin_bottom=&#8221;20&#8243;][vc_column width=&#8221;1\/2&#8243;][vc_single_image image=&#8221;7091&#8243; img_size=&#8221;500&#215;500&#8243;][\/vc_column][vc_column width=&#8221;1\/2&#8243; css=&#8221;.vc_custom_1729533713676{background-color: #000000 !important;}&#8221;][vc_accordion active_tab=&#8221;1&#8243; collapsible=&#8221;yes&#8221;][vc_accordion_tab title=&#8221;D\u00e9veloppement et int\u00e9gration technologique&#8221; icon=&#8221;angle-down&#8221; icon_closed=&#8221;angle-up&#8221;][vc_column_text]<\/p>\n<h4>Accompagnement des startups et des entreprises dans l\u2019adoption et le d\u00e9veloppement de technologies (num\u00e9rique, immersive, IA, automatisation) afin d\u2019acc\u00e9l\u00e9rer la croissance, renforcer l\u2019agilit\u00e9 et cr\u00e9er un avantage concurrentiel durable.<\/h4>\n<p>[\/vc_column_text][\/vc_accordion_tab][vc_accordion_tab title=&#8221;Analyse des mod\u00e8les d\u2019affaires&#8221; icon=&#8221;angle-down&#8221; icon_closed=&#8221;angle-up&#8221; tooltip=&#8221;tooltip&#8221; tooltip_title=&#8221;D\u00e9velopper&#8221;][vc_column_text]<\/p>\n<h4>\u00c9tudier en profondeur les mod\u00e8les existants et \u00e9mergents pour identifier les opportunit\u00e9s de croissance et d\u2019am\u00e9lioration. Cette analyse permet de s\u2019adapter rapidement aux changements du march\u00e9.<\/h4>\n<p>[\/vc_column_text][\/vc_accordion_tab][vc_accordion_tab title=&#8221;Optimisation des op\u00e9rations&#8221; icon=&#8221;angle-down&#8221; icon_closed=&#8221;angle-up&#8221;][vc_column_text]<\/p>\n<h4>Am\u00e9lioration continue des processus internes, adoption de nouvelles technologies et r\u00e9ing\u00e9nierie des op\u00e9rations pour accro\u00eetre l\u2019efficacit\u00e9 et la rentabilit\u00e9 de l\u2019entreprise.<\/h4>\n<p>[\/vc_column_text][\/vc_accordion_tab][vc_accordion_tab title=&#8221;Strat\u00e9gies commerciales&#8221; icon=&#8221;angle-down&#8221; icon_closed=&#8221;angle-up&#8221;][vc_column_text]<\/p>\n<h4>Introduction d\u2019innovations radicales sur le march\u00e9 pour cr\u00e9er de nouveaux segments ou red\u00e9finir les existants. Objectif : positionner l\u2019entreprise comme leader incontest\u00e9 de son domaine.<\/h4>\n<p>[\/vc_column_text][\/vc_accordion_tab][vc_accordion_tab title=&#8221;Expansion de l&#8217;activit\u00e9&#8221; icon=&#8221;angle-down&#8221; icon_closed=&#8221;angle-up&#8221;][vc_column_text]<\/p>\n<h4>Croissance par expansion g\u00e9ographique, lancement de nouveaux produits ou services, ou transformation d\u2019offres existantes pour atteindre de nouveaux march\u00e9s.<\/h4>\n<p>[\/vc_column_text][\/vc_accordion_tab][\/vc_accordion][vc_column_text]<\/p>\n<h1><span style=\"color: #0d666e;\"><span style=\"font-size: 20px;\"><strong>D\u00e9couvrez nos projets et collaborations<\/strong>\u00a0 <\/span><span style=\"font-size: 20px;\">\u2192 <\/span><\/span><span style=\"color: #ffffff;\"><a style=\"font-size: 20px; color: #ffffff;\" href=\"https:\/\/www.linkedin.com\/in\/juliefbreton\/\">Linkedin<\/a><\/span><\/h1>\n<p>[\/vc_column_text][vc_accordion active_tab=&#8221;Commencez ici&#8221; collapsible=&#8221;yes&#8221;][vc_accordion_tab title=&#8221;Commencez ici&#8221; icon=&#8221;angle-up&#8221; icon_closed=&#8221;angle-down&#8221;]\n<div class=\"wpcf7 no-js\" id=\"wpcf7-f6821-o1\" lang=\"en-US\" dir=\"ltr\" data-wpcf7-id=\"6821\">\n<div class=\"screen-reader-response\"><p role=\"status\" aria-live=\"polite\" aria-atomic=\"true\"><\/p> <ul><\/ul><\/div>\n<form action=\"\/index.php\/wp-json\/wp\/v2\/pages\/6938#wpcf7-f6821-o1\" method=\"post\" class=\"wpcf7-form init\" aria-label=\"Contact form\" novalidate=\"novalidate\" data-status=\"init\">\n<fieldset class=\"hidden-fields-container\"><input type=\"hidden\" name=\"_wpcf7\" value=\"6821\" \/><input type=\"hidden\" name=\"_wpcf7_version\" value=\"6.1.1\" \/><input type=\"hidden\" name=\"_wpcf7_locale\" value=\"en_US\" \/><input type=\"hidden\" name=\"_wpcf7_unit_tag\" value=\"wpcf7-f6821-o1\" \/><input type=\"hidden\" name=\"_wpcf7_container_post\" value=\"0\" \/><input type=\"hidden\" name=\"_wpcf7_posted_data_hash\" value=\"\" \/>\n<\/fieldset>\n<p><label> Votre nom<br \/>\n<span class=\"wpcf7-form-control-wrap\" data-name=\"your-name\"><input size=\"40\" maxlength=\"400\" class=\"wpcf7-form-control wpcf7-text wpcf7-validates-as-required\" autocomplete=\"name\" aria-required=\"true\" aria-invalid=\"false\" value=\"\" type=\"text\" name=\"your-name\" \/><\/span> <\/label>\n<\/p>\n<p><label> Votre adresse e-mail<br \/>\n<span class=\"wpcf7-form-control-wrap\" data-name=\"your-email\"><input size=\"40\" maxlength=\"400\" class=\"wpcf7-form-control wpcf7-email wpcf7-validates-as-required wpcf7-text wpcf7-validates-as-email\" autocomplete=\"email\" aria-required=\"true\" aria-invalid=\"false\" value=\"\" type=\"email\" name=\"your-email\" \/><\/span> <\/label>\n<\/p>\n<p><label> Sujet<br \/>\n<span class=\"wpcf7-form-control-wrap\" data-name=\"your-subject\"><input size=\"40\" maxlength=\"400\" class=\"wpcf7-form-control wpcf7-text wpcf7-validates-as-required\" aria-required=\"true\" aria-invalid=\"false\" value=\"\" type=\"text\" name=\"your-subject\" \/><\/span> <\/label>\n<\/p>\n<p><label> Votre message (facultatif)<br \/>\n<span class=\"wpcf7-form-control-wrap\" data-name=\"your-message\"><textarea cols=\"40\" rows=\"10\" maxlength=\"2000\" class=\"wpcf7-form-control wpcf7-textarea\" aria-invalid=\"false\" name=\"your-message\"><\/textarea><\/span> <\/label>\n<\/p>\n<p><input class=\"wpcf7-form-control wpcf7-submit has-spinner\" type=\"submit\" value=\"Envoyer\" \/>\n<\/p><div class=\"wpcf7-response-output\" aria-hidden=\"true\"><\/div>\n<\/form>\n<\/div>\n[\/vc_accordion_tab][\/vc_accordion][\/vc_column][\/vc_row]<\/p>\n","protected":false},"excerpt":{"rendered":"<p>[vc_row full_height=&#8221;yes&#8221; columns_placement=&#8221;top&#8221; inner_container=&#8221;no&#8221; type=&#8221;image&#8221; bg_position_horizontal=&#8221;center&#8221; bg_attachment=&#8221;true&#8221; padding_top=&#8221;0&#8243; padding_bottom=&#8221;0&#8243; margin_top=&#8221;0&#8243; margin_bottom=&#8221;0&#8243; visibility=&#8221;hidden-xs,hidden-sm&#8221;][vc_column parallax=&#8221;content-moving&#8221; css=&#8221;.vc_custom_1729611048682{background-color: #000000 !important;background-position: center !important;background-repeat: no-repeat !important;background-size: cover !important;}&#8221;][\/vc_column][\/vc_row][vc_row inner_container=&#8221;no&#8221; type=&#8221;image&#8221; bg_position_horizontal=&#8221;center&#8221; bg_attachment=&#8221;true&#8221; padding_top=&#8221;0&#8243; padding_bottom=&#8221;0&#8243; margin_top=&#8221;0&#8243; margin_bottom=&#8221;0&#8243; visibility=&#8221;hidden-md,hidden-lg,hidden-xlg&#8221;][vc_column parallax=&#8221;content-moving&#8221; css=&#8221;.vc_custom_1729611048682{background-color: #000000 !important;background-position: center !important;background-repeat: no-repeat !important;background-size: cover !important;}&#8221;][\/vc_column][\/vc_row][vc_row full_height=&#8221;yes&#8221; equal_height=&#8221;yes&#8221; text_align=&#8221;center&#8221; section_type=&#8221;header&#8221; type=&#8221;image&#8221; bg_position=&#8221;center&#8221; bg_position_horizontal=&#8221;center&#8221; bg_attachment=&#8221;true&#8221; padding_top=&#8221;30&#8243; padding_bottom=&#8221;30&#8243; margin_top=&#8221;30&#8243; margin_bottom=&#8221;30&#8243; bg_image=&#8221;7011&#8243;][vc_column width=&#8221;1\/4&#8243;][vc_custom_heading text=&#8221;D\u00e9coder&#8221; font_container=&#8221;tag:h1|text_align:center|color:%23ffffff&#8221; google_fonts=&#8221;font_family:Roboto%3A100%2C100italic%2C300%2C300italic%2Cregular%2Citalic%2C500%2C500italic%2C700%2C700italic%2C900%2C900italic|font_style:900%20bold%20regular%3A900%3Anormal&#8221;][\/vc_column][vc_column width=&#8221;1\/4&#8243;][vc_custom_heading text=&#8221;Simplifier&#8221; [&hellip;]<\/p>\n","protected":false},"author":1,"featured_media":0,"parent":0,"menu_order":0,"comment_status":"closed","ping_status":"closed","template":"","meta":{"footnotes":""},"class_list":["post-6938","page","type-page","status-publish","hentry"],"aioseo_notices":[],"_links":{"self":[{"href":"https:\/\/capitalb.ca\/index.php\/wp-json\/wp\/v2\/pages\/6938","targetHints":{"allow":["GET"]}}],"collection":[{"href":"https:\/\/capitalb.ca\/index.php\/wp-json\/wp\/v2\/pages"}],"about":[{"href":"https:\/\/capitalb.ca\/index.php\/wp-json\/wp\/v2\/types\/page"}],"author":[{"embeddable":true,"href":"https:\/\/capitalb.ca\/index.php\/wp-json\/wp\/v2\/users\/1"}],"replies":[{"embeddable":true,"href":"https:\/\/capitalb.ca\/index.php\/wp-json\/wp\/v2\/comments?post=6938"}],"version-history":[{"count":81,"href":"https:\/\/capitalb.ca\/index.php\/wp-json\/wp\/v2\/pages\/6938\/revisions"}],"predecessor-version":[{"id":7139,"href":"https:\/\/capitalb.ca\/index.php\/wp-json\/wp\/v2\/pages\/6938\/revisions\/7139"}],"wp:attachment":[{"href":"https:\/\/capitalb.ca\/index.php\/wp-json\/wp\/v2\/media?parent=6938"}],"curies":[{"name":"wp","href":"https:\/\/api.w.org\/{rel}","templated":true}]}}